{"id":2252,"date":"2023-08-07T08:38:37","date_gmt":"2023-08-07T11:38:37","guid":{"rendered":"https:\/\/www.patagoniabiketrips.com\/?page_id=2252"},"modified":"2023-12-21T13:26:14","modified_gmt":"2023-12-21T16:26:14","slug":"what-to-bring","status":"publish","type":"page","link":"https:\/\/www.patagoniabiketrips.com\/pt-br\/what-to-bring\/","title":{"rendered":"What to bring?"},"content":{"rendered":"<p>[vc_section full_width=&#8221;stretch_row&#8221; css=&#8221;.vc_custom_1692378647759{margin-top: 0px !important;background-image: url(http:\/\/107.190.140.138\/~patabikes\/wp-content\/uploads\/2023\/08\/fdo_lineas_gris.jpg?id=1070) !important;}&#8221; el_id=&#8221;lineas-mapa&#8221;][vc_row type=&#8221;vc_default&#8221; css=&#8221;.vc_custom_1691422109429{margin-top: 30px !important;}&#8221;][vc_column width=&#8221;1\/6&#8243;][\/vc_column][vc_column width=&#8221;2\/3&#8243;][vc_custom_heading text=&#8221;\u00bfQU\u00c9 DEBO LLEVAR EN UN VIAJE EN BICICLETA?&#8221; font_container=&#8221;tag:h1|text_align:center|color:%23775731&#8243; use_theme_fonts=&#8221;yes&#8221;]<div class=\"ult-spacer spacer-69f740524c170\" data-id=\"69f740524c170\" data-height=\"10\" data-height-mobile=\"10\" data-height-tab=\"10\" data-height-tab-portrait=\"\" data-height-mobile-landscape=\"\" style=\"clear:both;display:block;\"><\/div>[vc_column_text el_class=&#8221;destacado-top-paginas&#8221;]<\/p>\n<p style=\"text-align: center;\">La lista de cosas que debes llevar depende del largo del viaje, el tipo de circuito y el clima de la zona que vas a recorrer. Hay una serie de elementos que no pueden faltar. Aqu\u00ed te dejamos una lista de indumentaria, elementos de cocina, efectos personales y art\u00edculos de camping que deber\u00edas llevar para tener un viaje placentero.<\/p>\n<p>[\/vc_column_text][\/vc_column][vc_column width=&#8221;1\/6&#8243;][\/vc_column][\/vc_row][vc_row type=&#8221;vc_default&#8221; gap=&#8221;35&#8243; equal_height=&#8221;yes&#8221; css=&#8221;.vc_custom_1692390371087{margin-top: 40px !important;}&#8221;][vc_column width=&#8221;1\/2&#8243; css=&#8221;.vc_custom_1692390270637{padding: 40px !important;background-color: rgba(255,255,255,0.36) !important;*background-color: rgb(255,255,255) !important;}&#8221;][vc_custom_heading text=&#8221;INDUMENTARIA&#8221; font_container=&#8221;tag:h3|text_align:left|color:%230d603d&#8221; use_theme_fonts=&#8221;yes&#8221;]<div class=\"ult-spacer spacer-69f740524c1a0\" data-id=\"69f740524c1a0\" data-height=\"10\" data-height-mobile=\"10\" data-height-tab=\"10\" data-height-tab-portrait=\"\" data-height-mobile-landscape=\"\" style=\"clear:both;display:block;\"><\/div>[vc_column_text]<\/p>\n<ul>\n<li style=\"text-align: left;\">Anteojos de sol.<\/li>\n<li style=\"text-align: left;\">Guantes de ciclista dedos cortos o largos.<\/li>\n<li style=\"text-align: left;\">Calza ciclista acolchada con badana corta y larga.<\/li>\n<li style=\"text-align: left;\">Remera deportiva manga corta.<\/li>\n<li style=\"text-align: left;\">Remera sint\u00e9tica manga larga o t\u00e9rmica.<\/li>\n<li style=\"text-align: left;\">Rompe viento impermeable.<\/li>\n<li style=\"text-align: left;\">Campera liviana y compactable de pluma o sint\u00e9tica.<\/li>\n<li style=\"text-align: left;\">Traje de ba\u00f1o.<\/li>\n<li style=\"text-align: left;\">Buzo micro polar Short deportivo.<\/li>\n<li style=\"text-align: left;\">Pantal\u00f3n largo deportivo o tipo outdoor.<\/li>\n<li style=\"text-align: left;\">Medias ciclista o deportivas.<\/li>\n<li style=\"text-align: left;\">Ropa interior sint\u00e9tica.<\/li>\n<li style=\"text-align: left;\">Zapatillas deportivas y\/o trekking livianas.<\/li>\n<li style=\"text-align: left;\">Suecos tipo crocs o sandalias para mojar.<\/li>\n<li style=\"text-align: left;\">Si llevas mochila, que sea peque\u00f1a.<\/li>\n<li style=\"text-align: left;\">Bolsa de hidrataci\u00f3n (camelback)<\/li>\n<\/ul>\n<p>[\/vc_column_text][\/vc_column][vc_column width=&#8221;1\/2&#8243; css=&#8221;.vc_custom_1692390328463{padding: 40px !important;background-color: rgba(255,255,255,0.36) !important;*background-color: rgb(255,255,255) !important;}&#8221;][vc_custom_heading text=&#8221;ELEMENTOS DE COCINA&#8221; font_container=&#8221;tag:h3|text_align:left|color:%230d603d&#8221; use_theme_fonts=&#8221;yes&#8221;]<div class=\"ult-spacer spacer-69f740524c1bf\" data-id=\"69f740524c1bf\" data-height=\"10\" data-height-mobile=\"10\" data-height-tab=\"10\" data-height-tab-portrait=\"\" data-height-mobile-landscape=\"\" style=\"clear:both;display:block;\"><\/div>[vc_column_text]<\/p>\n<ul>\n<li>Taza o jarrito met\u00e1lico o enlozado.<\/li>\n<li>Anafe de Butano (disponible para alquilar).<\/li>\n<li>Plato hondo y vaso pl\u00e1stico o met\u00e1lico.<\/li>\n<li>Cuchillo, tenedor, cuchara.<\/li>\n<li>Encendedor Cacerola o recipiente peque\u00f1o de aluminio.<\/li>\n<li>Repasador peque\u00f1o Cortapluma.<\/li>\n<\/ul>\n<p>[\/vc_column_text][\/vc_column][\/vc_row][vc_row type=&#8221;vc_default&#8221; gap=&#8221;35&#8243; equal_height=&#8221;yes&#8221;][vc_column width=&#8221;1\/2&#8243; css=&#8221;.vc_custom_1692390340691{padding: 40px !important;background-color: rgba(255,255,255,0.36) !important;*background-color: rgb(255,255,255) !important;}&#8221;][vc_custom_heading text=&#8221;EFECTOS PERSONALES Y DE HIGIENE&#8221; font_container=&#8221;tag:h3|text_align:left|color:%230d603d&#8221; use_theme_fonts=&#8221;yes&#8221;]<div class=\"ult-spacer spacer-69f740524c1d9\" data-id=\"69f740524c1d9\" data-height=\"10\" data-height-mobile=\"10\" data-height-tab=\"10\" data-height-tab-portrait=\"\" data-height-mobile-landscape=\"\" style=\"clear:both;display:block;\"><\/div>[vc_column_text]<\/p>\n<ul>\n<li>Kit de primeros auxilios.<\/li>\n<li>Analg\u00e9sicos.<\/li>\n<li>Bater\u00eda port\u00e1til para celular (cargada).<\/li>\n<li>Toalla de microfibra.<\/li>\n<li>Bolsas de residuo (muy \u00fatiles en caso de lluvia).<\/li>\n<li>Jab\u00f3n blanco y shampoo.<\/li>\n<li>Cepillo y pasta de dientes.<\/li>\n<li>Dinero en efectivo, documentaci\u00f3n.<\/li>\n<li>Protector Solar, protector labial.<\/li>\n<li>Papel higi\u00e9nico o toallitas h\u00famedas.<\/li>\n<\/ul>\n<p>[\/vc_column_text][\/vc_column][vc_column width=&#8221;1\/2&#8243; css=&#8221;.vc_custom_1692390351784{padding: 40px !important;background-color: rgba(255,255,255,0.36) !important;*background-color: rgb(255,255,255) !important;}&#8221;][vc_custom_heading text=&#8221;ART\u00cdCULOS DE CAMPING&#8221; font_container=&#8221;tag:h3|text_align:left|color:%230d603d&#8221; use_theme_fonts=&#8221;yes&#8221;]<div class=\"ult-spacer spacer-69f740524c1f1\" data-id=\"69f740524c1f1\" data-height=\"10\" data-height-mobile=\"10\" data-height-tab=\"10\" data-height-tab-portrait=\"\" data-height-mobile-landscape=\"\" style=\"clear:both;display:block;\"><\/div>[vc_column_text]<\/p>\n<ul>\n<li>Carpa tipo igl\u00fa impermeable (disponible para alquilar).<\/li>\n<li>Aislante (disponible para alquiler).<\/li>\n<li>Bolsa de dormir (disponible para alquilar).<\/li>\n<li>Linterna frontal o de mano.<\/li>\n<\/ul>\n<p>[\/vc_column_text][\/vc_column][\/vc_row][vc_row type=&#8221;vc_default&#8221; gap=&#8221;35&#8243; equal_height=&#8221;yes&#8221;][vc_column width=&#8221;1\/2&#8243; css=&#8221;.vc_custom_1692390340691{padding: 40px !important;background-color: rgba(255,255,255,0.36) !important;*background-color: rgb(255,255,255) !important;}&#8221;][vc_custom_heading text=&#8221;ACCESORIOS DE CICLISMO&#8221; font_container=&#8221;tag:h3|text_align:left|color:%230d603d&#8221; use_theme_fonts=&#8221;yes&#8221;]<div class=\"ult-spacer spacer-69f740524c206\" data-id=\"69f740524c206\" data-height=\"10\" data-height-mobile=\"10\" data-height-tab=\"10\" data-height-tab-portrait=\"\" data-height-mobile-landscape=\"\" style=\"clear:both;display:block;\"><\/div>[vc_column_text]<\/p>\n<ul>\n<li>Multi-Herramienta allem<\/li>\n<li>Casco de ciclismo<\/li>\n<li>Inflador de mano multiv\u00e1lvula<\/li>\n<li>Carama\u00f1ola<\/li>\n<li>C\u00e1mara de repuesto<\/li>\n<li>Cortacadena y eslabones de repuesto<\/li>\n<li>Cable candado<\/li>\n<li>Kit de reparaci\u00f3n para cubiertas<\/li>\n<li>Portacelular<\/li>\n<li>Portaequipaje<\/li>\n<li>Set de alforjas impermeables &#8211; Ideal para la mayor\u00eda de las rutas<\/li>\n<li>Kit de Bikepacking &#8211; Para circuitos dif\u00edciles<\/li>\n<li>Trailer para cicloturismo &#8211; Para rutas asfaltadas o de ripio consolidado<\/li>\n<\/ul>\n<p>[\/vc_column_text][\/vc_column][vc_column width=&#8221;1\/2&#8243; css=&#8221;.vc_custom_1692390351784{padding: 40px !important;background-color: rgba(255,255,255,0.36) !important;*background-color: rgb(255,255,255) !important;}&#8221;][vc_custom_heading text=&#8221;NAVEGACI\u00d3N Y GPS&#8221; font_container=&#8221;tag:h3|text_align:left|color:%230d603d&#8221; use_theme_fonts=&#8221;yes&#8221;]<div class=\"ult-spacer spacer-69f740524c219\" data-id=\"69f740524c219\" data-height=\"10\" data-height-mobile=\"10\" data-height-tab=\"10\" data-height-tab-portrait=\"\" data-height-mobile-landscape=\"\" style=\"clear:both;display:block;\"><\/div>[vc_column_text]<\/p>\n<ul>\n<li>Mapa de la zona que vas a explorar<\/li>\n<li>Aplicaci\u00f3n de navegaci\u00f3n por GPS en tu celular<\/li>\n<li>Informaci\u00f3n detallada de la ruta que vas a recorrer<\/li>\n<\/ul>\n<p>[\/vc_column_text]<div class=\"ult-spacer spacer-69f740524c22b\" data-id=\"69f740524c22b\" data-height=\"10\" data-height-mobile=\"10\" data-height-tab=\"10\" data-height-tab-portrait=\"\" data-height-mobile-landscape=\"\" style=\"clear:both;display:block;\"><\/div><style type=\"text\/css\" data-type=\"the7_shortcodes-inline-css\">#default-btn-84afa4148a586236403cc6efd7b0cd6c.ico-right-side > i {\n  margin-right: 0px;\n  margin-left: 8px;\n}\n#default-btn-84afa4148a586236403cc6efd7b0cd6c > i {\n  margin-right: 8px;\n}\n<\/style><a href=\"\/aplicaciones-gps\/\" class=\"default-btn-shortcode dt-btn dt-btn-s link-hover-off btn-inline-left  vc_custom_1694028247334\" id=\"default-btn-84afa4148a586236403cc6efd7b0cd6c\"><span>VER APLICACIONES RECOMENDADAS<\/span><\/a><style type=\"text\/css\" data-type=\"the7_shortcodes-inline-css\">#default-btn-3e5f85d2e9b80ce4bdc2572ffd9b5502.ico-right-side > i {\n  margin-right: 0px;\n  margin-left: 8px;\n}\n#default-btn-3e5f85d2e9b80ce4bdc2572ffd9b5502 > i {\n  margin-right: 8px;\n}\n<\/style><a href=\"\/rutas\/\" class=\"default-btn-shortcode dt-btn dt-btn-s link-hover-off btn-inline-left  vc_custom_1694028259954\" id=\"default-btn-3e5f85d2e9b80ce4bdc2572ffd9b5502\"><span>VER RUTAS SUGERIDAS<\/span><\/a>[\/vc_column][\/vc_row][\/vc_section][vc_row type=&#8221;vc_default&#8221; full_width=&#8221;stretch_row_content_no_spaces&#8221; gap=&#8221;1&#8243; css=&#8221;.vc_custom_1692390236400{margin-top: 60px !important;}&#8221;][vc_column width=&#8221;1\/5&#8243;]<div class=\"shortcode-banner shortcode-banner-link\" style=\"min-height: 350px;background-image: url(https:\/\/www.patagoniabiketrips.com\/wp-content\/uploads\/2023\/08\/dest-bicicletas.jpg)\" onclick=\"window.location.href='\/bicicletas\/';\"><div class=\"shortcode-banner-bg wf-table\" style=\"padding: 0px;min-height: 350px\"><div class=\"shortcode-banner-inside wf-table text-big\" style=\"background-color: rgb(0,0,0);background-color: rgba(0,0,0,0.4);border: solid 0px transparent;outline: solid 0px;outline-color: #ffffff;height: 350px\"><div><h2 style=\"text-align: center;\">BICICLETAS<\/h2>\n<\/div><\/div><\/div><\/div>[\/vc_column][vc_column width=&#8221;1\/5&#8243;]<div class=\"shortcode-banner shortcode-banner-link\" style=\"min-height: 350px;background-image: url(https:\/\/www.patagoniabiketrips.com\/wp-content\/uploads\/2023\/08\/dest-accesorios.jpg)\" onclick=\"window.location.href='\/accesorios\/';\"><div class=\"shortcode-banner-bg wf-table\" style=\"padding: 0px;min-height: 350px\"><div class=\"shortcode-banner-inside wf-table text-big\" style=\"background-color: rgb(0,0,0);background-color: rgba(0,0,0,0.4);border: solid 0px transparent;outline: solid 0px;outline-color: #ffffff;height: 350px\"><div><h2 style=\"text-align: center;\">ACCESORIOS<\/h2>\n<\/div><\/div><\/div><\/div>[\/vc_column][vc_column width=&#8221;1\/5&#8243;]<div class=\"shortcode-banner shortcode-banner-link\" style=\"min-height: 350px;background-image: url(https:\/\/www.patagoniabiketrips.com\/wp-content\/uploads\/2023\/08\/dest-cargas.jpg)\" onclick=\"window.location.href='\/carga\/';\"><div class=\"shortcode-banner-bg wf-table\" style=\"padding: 0px;min-height: 350px\"><div class=\"shortcode-banner-inside wf-table text-big\" style=\"background-color: rgb(0,0,0);background-color: rgba(0,0,0,0.4);border: solid 0px transparent;outline: solid 0px;outline-color: #ffffff;height: 350px\"><div><h2 style=\"text-align: center;\">CARGA<\/h2>\n<\/div><\/div><\/div><\/div>[\/vc_column][vc_column width=&#8221;1\/5&#8243;]<div class=\"shortcode-banner shortcode-banner-link\" style=\"min-height: 350px;background-image: url(https:\/\/www.patagoniabiketrips.com\/wp-content\/uploads\/2023\/08\/dest-nautica.jpg)\" onclick=\"window.location.href='\/nautica\/';\"><div class=\"shortcode-banner-bg wf-table\" style=\"padding: 0px;min-height: 350px\"><div class=\"shortcode-banner-inside wf-table text-big\" style=\"background-color: rgb(0,0,0);background-color: rgba(0,0,0,0.4);border: solid 0px transparent;outline: solid 0px;outline-color: #ffffff;height: 350px\"><div><h2 style=\"text-align: center;\">N\u00c1UTICA<\/h2>\n<\/div><\/div><\/div><\/div>[\/vc_column][vc_column width=&#8221;1\/5&#8243;]<div class=\"shortcode-banner shortcode-banner-link\" style=\"min-height: 350px;background-image: url(https:\/\/www.patagoniabiketrips.com\/wp-content\/uploads\/2023\/08\/dest-camping.jpg)\" onclick=\"window.location.href='\/camping\/';\"><div class=\"shortcode-banner-bg wf-table\" style=\"padding: 0px;min-height: 350px\"><div class=\"shortcode-banner-inside wf-table text-big\" style=\"background-color: rgb(0,0,0);background-color: rgba(0,0,0,0.4);border: solid 0px transparent;outline: solid 0px;outline-color: #ffffff;height: 350px\"><div><h2 style=\"text-align: center;\">CAMPING<\/h2>\n<\/div><\/div><\/div><\/div>[\/vc_column][\/vc_row]<\/p>\n","protected":false},"excerpt":{"rendered":"<p>[vc_section full_width=&#8221;stretch_row&#8221; css=&#8221;.vc_custom_1692378647759{margin-top: 0px !important;background-image: url(http:\/\/107.190.140.138\/~patabikes\/wp-content\/uploads\/2023\/08\/fdo_lineas_gris.jpg?id=1070) !important;}&#8221; el_id=&#8221;lineas-mapa&#8221;][vc_row type=&#8221;vc_default&#8221; css=&#8221;.vc_custom_1691422109429{margin-top: 30px !important;}&#8221;][vc_column width=&#8221;1\/6&#8243;][\/vc_column][vc_column width=&#8221;2\/3&#8243;][vc_custom_heading text=&#8221;\u00bfQU\u00c9 DEBO LLEVAR EN UN VIAJE EN BICICLETA?&#8221; font_container=&#8221;tag:h1|text_align:center|color:%23775731&#8243; use_theme_fonts=&#8221;yes&#8221;][vc_column_text el_class=&#8221;destacado-top-paginas&#8221;] La lista de cosas que debes llevar depende del largo del viaje, el tipo de circuito y el clima de la zona que vas a recorrer. Hay una serie de&hellip;<\/p>\n","protected":false},"author":1,"featured_media":5708,"parent":0,"menu_order":0,"comment_status":"closed","ping_status":"closed","template":"","meta":{"_joinchat":[],"footnotes":""},"class_list":["post-2252","page","type-page","status-publish","has-post-thumbnail","hentry","description-off"],"yoast_head":"<!-- This site is optimized with the Yoast SEO plugin v26.2 - https:\/\/yoast.com\/wordpress\/plugins\/seo\/ -->\n<title>What to bring? - Patagonia Bikes Tours<\/title>\n<meta name=\"robots\" content=\"index, follow, max-snippet:-1, max-image-preview:large, max-video-preview:-1\" \/>\n<link rel=\"canonical\" href=\"https:\/\/www.patagoniabiketrips.com\/pt-br\/what-to-bring\/\" \/>\n<meta property=\"og:locale\" content=\"pt_BR\" \/>\n<meta property=\"og:type\" content=\"article\" \/>\n<meta property=\"og:title\" content=\"What to bring? - Patagonia Bikes Tours\" \/>\n<meta property=\"og:description\" content=\"[vc_section full_width=&#8221;stretch_row&#8221; css=&#8221;.vc_custom_1692378647759{margin-top: 0px !important;background-image: url(http:\/\/107.190.140.138\/~patabikes\/wp-content\/uploads\/2023\/08\/fdo_lineas_gris.jpg?id=1070) !important;}&#8221; el_id=&#8221;lineas-mapa&#8221;][vc_row type=&#8221;vc_default&#8221; css=&#8221;.vc_custom_1691422109429{margin-top: 30px !important;}&#8221;][vc_column width=&#8221;1\/6&#8243;][\/vc_column][vc_column width=&#8221;2\/3&#8243;][vc_custom_heading text=&#8221;\u00bfQU\u00c9 DEBO LLEVAR EN UN VIAJE EN BICICLETA?&#8221; font_container=&#8221;tag:h1|text_align:center|color:%23775731&#8243; use_theme_fonts=&#8221;yes&#8221;][vc_column_text el_class=&#8221;destacado-top-paginas&#8221;] La lista de cosas que debes llevar depende del largo del viaje, el tipo de circuito y el clima de la zona que vas a recorrer. Hay una serie de&hellip;\" \/>\n<meta property=\"og:url\" content=\"https:\/\/www.patagoniabiketrips.com\/pt-br\/what-to-bring\/\" \/>\n<meta property=\"og:site_name\" content=\"Patagonia Bikes Tours\" \/>\n<meta property=\"article:publisher\" content=\"https:\/\/www.facebook.com\/cyclingpatagonia\/\" \/>\n<meta property=\"article:modified_time\" content=\"2023-12-21T16:26:14+00:00\" \/>\n<meta name=\"twitter:card\" content=\"summary_large_image\" \/>\n<meta name=\"twitter:label1\" content=\"Est. tempo de leitura\" \/>\n\t<meta name=\"twitter:data1\" content=\"3 minutos\" \/>\n<script type=\"application\/ld+json\" class=\"yoast-schema-graph\">{\"@context\":\"https:\/\/schema.org\",\"@graph\":[{\"@type\":\"WebPage\",\"@id\":\"https:\/\/www.patagoniabiketrips.com\/pt-br\/what-to-bring\/\",\"url\":\"https:\/\/www.patagoniabiketrips.com\/pt-br\/what-to-bring\/\",\"name\":\"What to bring? - Patagonia Bikes Tours\",\"isPartOf\":{\"@id\":\"https:\/\/www.patagoniabiketrips.com\/#website\"},\"primaryImageOfPage\":{\"@id\":\"https:\/\/www.patagoniabiketrips.com\/pt-br\/what-to-bring\/#primaryimage\"},\"image\":{\"@id\":\"https:\/\/www.patagoniabiketrips.com\/pt-br\/what-to-bring\/#primaryimage\"},\"thumbnailUrl\":\"https:\/\/www.patagoniabiketrips.com\/wp-content\/uploads\/2024\/09\/auto-guiado-5.jpg\",\"datePublished\":\"2023-08-07T11:38:37+00:00\",\"dateModified\":\"2023-12-21T16:26:14+00:00\",\"breadcrumb\":{\"@id\":\"https:\/\/www.patagoniabiketrips.com\/pt-br\/what-to-bring\/#breadcrumb\"},\"inLanguage\":\"pt-BR\",\"potentialAction\":[{\"@type\":\"ReadAction\",\"target\":[\"https:\/\/www.patagoniabiketrips.com\/pt-br\/what-to-bring\/\"]}]},{\"@type\":\"ImageObject\",\"inLanguage\":\"pt-BR\",\"@id\":\"https:\/\/www.patagoniabiketrips.com\/pt-br\/what-to-bring\/#primaryimage\",\"url\":\"https:\/\/www.patagoniabiketrips.com\/wp-content\/uploads\/2024\/09\/auto-guiado-5.jpg\",\"contentUrl\":\"https:\/\/www.patagoniabiketrips.com\/wp-content\/uploads\/2024\/09\/auto-guiado-5.jpg\",\"width\":500,\"height\":500,\"caption\":\"tours en bicicleta\"},{\"@type\":\"BreadcrumbList\",\"@id\":\"https:\/\/www.patagoniabiketrips.com\/pt-br\/what-to-bring\/#breadcrumb\",\"itemListElement\":[{\"@type\":\"ListItem\",\"position\":1,\"name\":\"Home\",\"item\":\"https:\/\/www.patagoniabiketrips.com\/\"},{\"@type\":\"ListItem\",\"position\":2,\"name\":\"What to bring?\"}]},{\"@type\":\"WebSite\",\"@id\":\"https:\/\/www.patagoniabiketrips.com\/#website\",\"url\":\"https:\/\/www.patagoniabiketrips.com\/\",\"name\":\"Patagonia Bike Trips\",\"description\":\"Viajes y excursiones en bicicleta por la Patagonia\",\"publisher\":{\"@id\":\"https:\/\/www.patagoniabiketrips.com\/#organization\"},\"alternateName\":\"Patagonia Bike\",\"potentialAction\":[{\"@type\":\"SearchAction\",\"target\":{\"@type\":\"EntryPoint\",\"urlTemplate\":\"https:\/\/www.patagoniabiketrips.com\/?s={search_term_string}\"},\"query-input\":{\"@type\":\"PropertyValueSpecification\",\"valueRequired\":true,\"valueName\":\"search_term_string\"}}],\"inLanguage\":\"pt-BR\"},{\"@type\":\"Organization\",\"@id\":\"https:\/\/www.patagoniabiketrips.com\/#organization\",\"name\":\"Patagonia Bikes Tours\",\"url\":\"https:\/\/www.patagoniabiketrips.com\/\",\"logo\":{\"@type\":\"ImageObject\",\"inLanguage\":\"pt-BR\",\"@id\":\"https:\/\/www.patagoniabiketrips.com\/#\/schema\/logo\/image\/\",\"url\":\"https:\/\/www.patagoniabiketrips.com\/wp-content\/uploads\/2023\/08\/logo_float.png\",\"contentUrl\":\"https:\/\/www.patagoniabiketrips.com\/wp-content\/uploads\/2023\/08\/logo_float.png\",\"width\":148,\"height\":100,\"caption\":\"Patagonia Bikes Tours\"},\"image\":{\"@id\":\"https:\/\/www.patagoniabiketrips.com\/#\/schema\/logo\/image\/\"},\"sameAs\":[\"https:\/\/www.facebook.com\/cyclingpatagonia\/\",\"https:\/\/www.instagram.com\/cyclingpatagonia\/\",\"https:\/\/www.youtube.com\/@patagoniabiketrips6435\"]}]}<\/script>\n<!-- \/ Yoast SEO plugin. -->","yoast_head_json":{"title":"What to bring? - Patagonia Bikes Tours","robots":{"index":"index","follow":"follow","max-snippet":"max-snippet:-1","max-image-preview":"max-image-preview:large","max-video-preview":"max-video-preview:-1"},"canonical":"https:\/\/www.patagoniabiketrips.com\/pt-br\/what-to-bring\/","og_locale":"pt_BR","og_type":"article","og_title":"What to bring? - Patagonia Bikes Tours","og_description":"[vc_section full_width=&#8221;stretch_row&#8221; css=&#8221;.vc_custom_1692378647759{margin-top: 0px !important;background-image: url(http:\/\/107.190.140.138\/~patabikes\/wp-content\/uploads\/2023\/08\/fdo_lineas_gris.jpg?id=1070) !important;}&#8221; el_id=&#8221;lineas-mapa&#8221;][vc_row type=&#8221;vc_default&#8221; css=&#8221;.vc_custom_1691422109429{margin-top: 30px !important;}&#8221;][vc_column width=&#8221;1\/6&#8243;][\/vc_column][vc_column width=&#8221;2\/3&#8243;][vc_custom_heading text=&#8221;\u00bfQU\u00c9 DEBO LLEVAR EN UN VIAJE EN BICICLETA?&#8221; font_container=&#8221;tag:h1|text_align:center|color:%23775731&#8243; use_theme_fonts=&#8221;yes&#8221;][vc_column_text el_class=&#8221;destacado-top-paginas&#8221;] La lista de cosas que debes llevar depende del largo del viaje, el tipo de circuito y el clima de la zona que vas a recorrer. Hay una serie de&hellip;","og_url":"https:\/\/www.patagoniabiketrips.com\/pt-br\/what-to-bring\/","og_site_name":"Patagonia Bikes Tours","article_publisher":"https:\/\/www.facebook.com\/cyclingpatagonia\/","article_modified_time":"2023-12-21T16:26:14+00:00","twitter_card":"summary_large_image","twitter_misc":{"Est. tempo de leitura":"3 minutos"},"schema":{"@context":"https:\/\/schema.org","@graph":[{"@type":"WebPage","@id":"https:\/\/www.patagoniabiketrips.com\/pt-br\/what-to-bring\/","url":"https:\/\/www.patagoniabiketrips.com\/pt-br\/what-to-bring\/","name":"What to bring? - Patagonia Bikes Tours","isPartOf":{"@id":"https:\/\/www.patagoniabiketrips.com\/#website"},"primaryImageOfPage":{"@id":"https:\/\/www.patagoniabiketrips.com\/pt-br\/what-to-bring\/#primaryimage"},"image":{"@id":"https:\/\/www.patagoniabiketrips.com\/pt-br\/what-to-bring\/#primaryimage"},"thumbnailUrl":"https:\/\/www.patagoniabiketrips.com\/wp-content\/uploads\/2024\/09\/auto-guiado-5.jpg","datePublished":"2023-08-07T11:38:37+00:00","dateModified":"2023-12-21T16:26:14+00:00","breadcrumb":{"@id":"https:\/\/www.patagoniabiketrips.com\/pt-br\/what-to-bring\/#breadcrumb"},"inLanguage":"pt-BR","potentialAction":[{"@type":"ReadAction","target":["https:\/\/www.patagoniabiketrips.com\/pt-br\/what-to-bring\/"]}]},{"@type":"ImageObject","inLanguage":"pt-BR","@id":"https:\/\/www.patagoniabiketrips.com\/pt-br\/what-to-bring\/#primaryimage","url":"https:\/\/www.patagoniabiketrips.com\/wp-content\/uploads\/2024\/09\/auto-guiado-5.jpg","contentUrl":"https:\/\/www.patagoniabiketrips.com\/wp-content\/uploads\/2024\/09\/auto-guiado-5.jpg","width":500,"height":500,"caption":"tours en bicicleta"},{"@type":"BreadcrumbList","@id":"https:\/\/www.patagoniabiketrips.com\/pt-br\/what-to-bring\/#breadcrumb","itemListElement":[{"@type":"ListItem","position":1,"name":"Home","item":"https:\/\/www.patagoniabiketrips.com\/"},{"@type":"ListItem","position":2,"name":"What to bring?"}]},{"@type":"WebSite","@id":"https:\/\/www.patagoniabiketrips.com\/#website","url":"https:\/\/www.patagoniabiketrips.com\/","name":"Patagonia Bike Trips","description":"Viajes y excursiones en bicicleta por la Patagonia","publisher":{"@id":"https:\/\/www.patagoniabiketrips.com\/#organization"},"alternateName":"Patagonia Bike","potentialAction":[{"@type":"SearchAction","target":{"@type":"EntryPoint","urlTemplate":"https:\/\/www.patagoniabiketrips.com\/?s={search_term_string}"},"query-input":{"@type":"PropertyValueSpecification","valueRequired":true,"valueName":"search_term_string"}}],"inLanguage":"pt-BR"},{"@type":"Organization","@id":"https:\/\/www.patagoniabiketrips.com\/#organization","name":"Patagonia Bikes Tours","url":"https:\/\/www.patagoniabiketrips.com\/","logo":{"@type":"ImageObject","inLanguage":"pt-BR","@id":"https:\/\/www.patagoniabiketrips.com\/#\/schema\/logo\/image\/","url":"https:\/\/www.patagoniabiketrips.com\/wp-content\/uploads\/2023\/08\/logo_float.png","contentUrl":"https:\/\/www.patagoniabiketrips.com\/wp-content\/uploads\/2023\/08\/logo_float.png","width":148,"height":100,"caption":"Patagonia Bikes Tours"},"image":{"@id":"https:\/\/www.patagoniabiketrips.com\/#\/schema\/logo\/image\/"},"sameAs":["https:\/\/www.facebook.com\/cyclingpatagonia\/","https:\/\/www.instagram.com\/cyclingpatagonia\/","https:\/\/www.youtube.com\/@patagoniabiketrips6435"]}]}},"_links":{"self":[{"href":"https:\/\/www.patagoniabiketrips.com\/pt-br\/wp-json\/wp\/v2\/pages\/2252","targetHints":{"allow":["GET"]}}],"collection":[{"href":"https:\/\/www.patagoniabiketrips.com\/pt-br\/wp-json\/wp\/v2\/pages"}],"about":[{"href":"https:\/\/www.patagoniabiketrips.com\/pt-br\/wp-json\/wp\/v2\/types\/page"}],"author":[{"embeddable":true,"href":"https:\/\/www.patagoniabiketrips.com\/pt-br\/wp-json\/wp\/v2\/users\/1"}],"replies":[{"embeddable":true,"href":"https:\/\/www.patagoniabiketrips.com\/pt-br\/wp-json\/wp\/v2\/comments?post=2252"}],"version-history":[{"count":0,"href":"https:\/\/www.patagoniabiketrips.com\/pt-br\/wp-json\/wp\/v2\/pages\/2252\/revisions"}],"wp:featuredmedia":[{"embeddable":true,"href":"https:\/\/www.patagoniabiketrips.com\/pt-br\/wp-json\/wp\/v2\/media\/5708"}],"wp:attachment":[{"href":"https:\/\/www.patagoniabiketrips.com\/pt-br\/wp-json\/wp\/v2\/media?parent=2252"}],"curies":[{"name":"wp","href":"https:\/\/api.w.org\/{rel}","templated":true}]}}